{"id":11685,"date":"2023-11-02T13:57:19","date_gmt":"2023-11-02T12:57:19","guid":{"rendered":"https:\/\/www.kaisergarten-deidesheim.com\/training-as-a-kitchen-specialist-m-f-d\/"},"modified":"2024-07-10T10:08:21","modified_gmt":"2024-07-10T08:08:21","slug":"training-as-a-kitchen-specialist-m-f-d","status":"publish","type":"page","link":"https:\/\/www.kaisergarten-deidesheim.com\/en\/career\/trainees\/training-as-a-kitchen-specialist-m-f-d\/","title":{"rendered":"Training as a kitchen specialist (m\/f\/d)"},"content":{"rendered":"\t\t<div data-elementor-type=\"wp-page\" data-elementor-id=\"11685\" class=\"elementor elementor-11685 elementor-7600\" data-elementor-post-type=\"page\">\n\t\t\t\t<div class=\"elementor-element elementor-element-85acc03 bg-gradient-gold60-white40 e-flex e-con-boxed e-con e-parent\" data-id=\"85acc03\" data-element_type=\"container\" data-e-type=\"container\">\n\t\t\t\t\t<div class=\"e-con-inner\">\n\t\t<div class=\"elementor-element elementor-element-c6be623 e-con-full animated-slow e-flex elementor-invisible e-con e-child\" data-id=\"c6be623\" data-element_type=\"container\" data-e-type=\"container\" data-settings=\"{&quot;animation&quot;:&quot;fadeInUp&quot;}\">\n\t\t\t\t<div class=\"elementor-element elementor-element-b03117e elementor-widget elementor-widget-shortcode\" data-id=\"b03117e\" data-element_type=\"widget\" data-e-type=\"widget\" data-widget_type=\"shortcode.default\">\n\t\t\t\t\t\t\t<div class=\"elementor-shortcode\"><nav aria-label=\"breadcrumbs\" class=\"rank-math-breadcrumb\"><p><span class=\"last\">Home<\/span><\/p><\/nav><\/div>\n\t\t\t\t\t\t<\/div>\n\t\t\t\t<\/div>\n\t\t<div class=\"elementor-element elementor-element-073f3ce e-con-full animated-slow elementor-hidden-tablet elementor-hidden-mobile e-flex elementor-invisible e-con e-child\" data-id=\"073f3ce\" data-element_type=\"container\" data-e-type=\"container\" data-settings=\"{&quot;animation&quot;:&quot;fadeInUp&quot;}\">\n\t\t\t\t<\/div>\n\t\t\t\t\t<\/div>\n\t\t\t\t<\/div>\n\t\t<div class=\"elementor-element elementor-element-b1770fe bg-gradient-gold60-white40 e-flex e-con-boxed e-con e-parent\" data-id=\"b1770fe\" data-element_type=\"container\" data-e-type=\"container\">\n\t\t\t\t\t<div class=\"e-con-inner\">\n\t\t<div class=\"elementor-element elementor-element-9085c2c e-con-full animated-slow e-flex elementor-invisible e-con e-child\" data-id=\"9085c2c\" data-element_type=\"container\" data-e-type=\"container\" data-settings=\"{&quot;animation&quot;:&quot;fadeInUp&quot;}\">\n\t\t\t\t<div class=\"elementor-element elementor-element-5e51b9c elementor-widget-divider--view-line elementor-widget elementor-widget-divider\" data-id=\"5e51b9c\" data-element_type=\"widget\" data-e-type=\"widget\" data-widget_type=\"divider.default\">\n\t\t\t\t\t\t\t<div class=\"elementor-divider\">\n\t\t\t<span class=\"elementor-divider-separator\">\n\t\t\t\t\t\t<\/span>\n\t\t<\/div>\n\t\t\t\t\t\t<\/div>\n\t\t\t\t<\/div>\n\t\t<div class=\"elementor-element elementor-element-62aeb42 e-con-full animated-slow e-flex elementor-invisible e-con e-child\" data-id=\"62aeb42\" data-element_type=\"container\" data-e-type=\"container\" data-settings=\"{&quot;animation&quot;:&quot;fadeInUp&quot;}\">\n\t\t\t\t<\/div>\n\t\t\t\t\t<\/div>\n\t\t\t\t<\/div>\n\t\t<div class=\"elementor-element elementor-element-cf71576 bg-gradient-gold60-white40 e-flex e-con-boxed e-con e-parent\" data-id=\"cf71576\" data-element_type=\"container\" data-e-type=\"container\">\n\t\t\t\t\t<div class=\"e-con-inner\">\n\t\t<div class=\"elementor-element elementor-element-dbbb881 e-con-full animated-slow e-flex elementor-invisible e-con e-child\" data-id=\"dbbb881\" data-element_type=\"container\" data-e-type=\"container\" data-settings=\"{&quot;animation&quot;:&quot;fadeInUp&quot;}\">\n\t\t\t\t<div class=\"elementor-element elementor-element-40f2c6a elementor-widget elementor-widget-heading\" data-id=\"40f2c6a\" data-element_type=\"widget\" data-e-type=\"widget\" data-widget_type=\"heading.default\">\n\t\t\t\t\t<h3 class=\"elementor-heading-title elementor-size-medium\">Your role and your sphere of influence:<\/h3>\t\t\t\t<\/div>\n\t\t\t\t<div class=\"elementor-element elementor-element-44c989b elementor-widget elementor-widget-text-editor\" data-id=\"44c989b\" data-element_type=\"widget\" data-e-type=\"widget\" data-widget_type=\"text-editor.default\">\n\t\t\t\t\t\t\t\t\t<p>You take the fast track to the professional kitchen&#8230;<\/p>\n<p>Kitchen specialists know their way around the kitchen basics: they learn how to process and prepare all kinds of food. They know how to prepare simple meals and dishes from meat, fish and vegetables. You can arrange and garnish salads and desserts and make simple soups and sauces. They also accept and store goods and are familiar with hygiene. The new apprenticeship as a kitchen specialist is aimed at anyone who wants to learn professional cooking from the ground up in a practical way, but is less interested in theory and figures.<\/p>\n<p>The training lasts 2 years with more practical experience and less &#8220;gray&#8221; theory. The training provides the perfect basis and offers many opportunities for further training.<\/p>\n<p>Once you have successfully graduated from our company, the doors to hotels all over the world will be open to you!<\/p>\n\t\t\t\t\t\t\t\t<\/div>\n\t\t\t\t<div class=\"elementor-element elementor-element-f72de3e elementor-widget elementor-widget-spacer\" data-id=\"f72de3e\" data-element_type=\"widget\" data-e-type=\"widget\" data-widget_type=\"spacer.default\">\n\t\t\t\t\t\t\t<div class=\"elementor-spacer\">\n\t\t\t<div class=\"elementor-spacer-inner\"><\/div>\n\t\t<\/div>\n\t\t\t\t\t\t<\/div>\n\t\t\t\t<div class=\"elementor-element elementor-element-ba820e1 elementor-widget elementor-widget-heading\" data-id=\"ba820e1\" data-element_type=\"widget\" data-e-type=\"widget\" data-widget_type=\"heading.default\">\n\t\t\t\t\t<h3 class=\"elementor-heading-title elementor-size-medium\">Why training with us is so great:<\/h3>\t\t\t\t<\/div>\n\t\t\t\t<div class=\"elementor-element elementor-element-22285ad elementor-widget elementor-widget-text-editor\" data-id=\"22285ad\" data-element_type=\"widget\" data-e-type=\"widget\" data-widget_type=\"text-editor.default\">\n\t\t\t\t\t\t\t\t\t<ul>\n<li>you will enjoy solid professional training with competent contacts in one of the most popular hotels in southern Germany<\/li>\n<li>We live flat hierarchies<\/li>\n<li>We are versatile, our company includes two hotels and 4 restaurants and you will get to know all departments<\/li>\n<li>We offer in-service training and further education<\/li>\n<li>We support you with your exam preparation<\/li>\n<li>if you are interested and subject to availability, you can live in one of our staff houses<\/li>\n<li>we provide free lunch and dinner on your working days<\/li>\n<li>Numerous employee benefits on top<\/li>\n<\/ul>\n\t\t\t\t\t\t\t\t<\/div>\n\t\t\t\t<div class=\"elementor-element elementor-element-5e945b8 elementor-widget elementor-widget-spacer\" data-id=\"5e945b8\" data-element_type=\"widget\" data-e-type=\"widget\" data-widget_type=\"spacer.default\">\n\t\t\t\t\t\t\t<div class=\"elementor-spacer\">\n\t\t\t<div class=\"elementor-spacer-inner\"><\/div>\n\t\t<\/div>\n\t\t\t\t\t\t<\/div>\n\t\t\t\t<div class=\"elementor-element elementor-element-7771e01 elementor-widget elementor-widget-heading\" data-id=\"7771e01\" data-element_type=\"widget\" data-e-type=\"widget\" data-widget_type=\"heading.default\">\n\t\t\t\t\t<h3 class=\"elementor-heading-title elementor-size-medium\">You fit in with us if:<\/h3>\t\t\t\t<\/div>\n\t\t\t\t<div class=\"elementor-element elementor-element-07c0925 elementor-widget elementor-widget-text-editor\" data-id=\"07c0925\" data-element_type=\"widget\" data-e-type=\"widget\" data-widget_type=\"text-editor.default\">\n\t\t\t\t\t\t\t\t\t<ul>\n<li>you have at least a successfully completed secondary school leaving certificate<\/li>\n<li>you have initiative and creativity<\/li>\n<li>you have a certain amount of manual dexterity<\/li>\n<li>you have a passion for food, eating &amp; drinking<\/li>\n<li>you are optimistic and open-minded<\/li>\n<li>you are a team player and are looking forward to becoming an important part of our great team<\/li>\n<\/ul>\n\t\t\t\t\t\t\t\t<\/div>\n\t\t\t\t<div class=\"elementor-element elementor-element-1e50bed elementor-widget elementor-widget-shortcode\" data-id=\"1e50bed\" data-element_type=\"widget\" data-e-type=\"widget\" data-widget_type=\"shortcode.default\">\n\t\t\t\t\t\t\t<div class=\"elementor-shortcode\">      <form action=\"https:\/\/www.kaisergarten-deidesheim.com\/en\/career\/trainees\/job-application\/\" class=\"bewerbung_zulassen hyphenate\" method=\"post\"> \n        <input type=\"hidden\" name=\"stellentitel\" value=\"Training as a kitchen specialist (m\/f\/d)\"> \n        <input type=submit value=\"Apply here\" class=\"elementor-button elementor-button-link elementor-size-md bewerbungsbutton\">\n      <\/form>\n  <\/div>\n\t\t\t\t\t\t<\/div>\n\t\t\t\t<\/div>\n\t\t<div class=\"elementor-element elementor-element-e1096df e-con-full animated-slow e-flex elementor-invisible e-con e-child\" data-id=\"e1096df\" data-element_type=\"container\" data-e-type=\"container\" data-settings=\"{&quot;animation&quot;:&quot;fadeInUp&quot;}\">\n\t\t\t\t<div class=\"elementor-element elementor-element-c8ea966 overflow-hidden elementor-widget elementor-widget-image\" data-id=\"c8ea966\" data-element_type=\"widget\" data-e-type=\"widget\" data-widget_type=\"image.default\">\n\t\t\t\t\t\t\t\t\t\t\t\t\t\t\t\t<a href=\"https:\/\/www.kaisergarten-deidesheim.com\/wp-content\/uploads\/2024\/02\/Auszubildende_Kueche.jpeg\" data-elementor-open-lightbox=\"yes\" data-elementor-lightbox-title=\"Apprentice_Kitchen\" data-elementor-lightbox-description=\"@ Leonie Becker\" data-e-action-hash=\"#elementor-action%3Aaction%3Dlightbox%26settings%3DeyJpZCI6MTA1MTQsInVybCI6Imh0dHBzOlwvXC93d3cua2Fpc2VyZ2FydGVuLWRlaWRlc2hlaW0uY29tXC93cC1jb250ZW50XC91cGxvYWRzXC8yMDI0XC8wMlwvQXVzenViaWxkZW5kZV9LdWVjaGUuanBlZyJ9\">\n\t\t\t\t\t\t\t<img fetchpriority=\"high\" decoding=\"async\" width=\"768\" height=\"1350\" src=\"https:\/\/www.kaisergarten-deidesheim.com\/wp-content\/uploads\/2024\/02\/Auszubildende_Kueche-768x1350.jpeg\" class=\"elementor-animation-grow attachment-medium_large size-medium_large wp-image-10514\" alt=\"Dessertgl\u00e4ser werden von einer jungen K\u00f6chin gef\u00fcllt, im Restaurant RIVA\" srcset=\"https:\/\/www.kaisergarten-deidesheim.com\/wp-content\/uploads\/2024\/02\/Auszubildende_Kueche-768x1350.jpeg 768w, https:\/\/www.kaisergarten-deidesheim.com\/wp-content\/uploads\/2024\/02\/Auszubildende_Kueche-171x300.jpeg 171w, https:\/\/www.kaisergarten-deidesheim.com\/wp-content\/uploads\/2024\/02\/Auszubildende_Kueche-582x1024.jpeg 582w, https:\/\/www.kaisergarten-deidesheim.com\/wp-content\/uploads\/2024\/02\/Auszubildende_Kueche-874x1536.jpeg 874w, https:\/\/www.kaisergarten-deidesheim.com\/wp-content\/uploads\/2024\/02\/Auszubildende_Kueche-1165x2048.jpeg 1165w, https:\/\/www.kaisergarten-deidesheim.com\/wp-content\/uploads\/2024\/02\/Auszubildende_Kueche.jpeg 1294w\" sizes=\"(max-width: 768px) 100vw, 768px\" \/>\t\t\t\t\t\t\t\t<\/a>\n\t\t\t\t\t\t\t\t\t\t\t\t\t\t\t<\/div>\n\t\t\t\t<\/div>\n\t\t\t\t\t<\/div>\n\t\t\t\t<\/div>\n\t\t<div class=\"elementor-element elementor-element-8e7e6c1 animated-slow e-flex e-con-boxed elementor-invisible e-con e-parent\" data-id=\"8e7e6c1\" data-element_type=\"container\" data-e-type=\"container\" data-settings=\"{&quot;animation&quot;:&quot;fadeInUp&quot;}\">\n\t\t\t\t\t<div class=\"e-con-inner\">\n\t\t\t\t<div class=\"elementor-element elementor-element-c6e135b elementor-widget elementor-widget-heading\" data-id=\"c6e135b\" data-element_type=\"widget\" data-e-type=\"widget\" data-widget_type=\"heading.default\">\n\t\t\t\t\t<h2 class=\"elementor-heading-title elementor-size-default\">Contact person<\/h2>\t\t\t\t<\/div>\n\t\t\t\t<div class=\"elementor-element elementor-element-4065dc1 elementor-widget-divider--view-line elementor-widget elementor-widget-divider\" data-id=\"4065dc1\" data-element_type=\"widget\" data-e-type=\"widget\" data-widget_type=\"divider.default\">\n\t\t\t\t\t\t\t<div class=\"elementor-divider\">\n\t\t\t<span class=\"elementor-divider-separator\">\n\t\t\t\t\t\t<\/span>\n\t\t<\/div>\n\t\t\t\t\t\t<\/div>\n\t\t\t\t<div class=\"elementor-element elementor-element-8376da0 elementor-widget elementor-widget-template\" data-id=\"8376da0\" data-element_type=\"widget\" data-e-type=\"widget\" data-widget_type=\"template.default\">\n\t\t\t\t<div class=\"elementor-widget-container\">\n\t\t\t\t\t\t\t<div class=\"elementor-template\">\n\t\t\t\t\t<div data-elementor-type=\"container\" data-elementor-id=\"11049\" class=\"elementor elementor-11049 elementor-8234 elementor-8234\" data-elementor-post-type=\"elementor_library\">\n\t\t\t\t<div class=\"elementor-element elementor-element-7b29ca96 animated-slow e-con-full e-flex elementor-invisible e-con e-parent\" data-id=\"7b29ca96\" data-element_type=\"container\" data-e-type=\"container\" data-settings=\"{&quot;animation&quot;:&quot;fadeInUp&quot;}\">\n\t\t\t\t<div class=\"elementor-element elementor-element-3120264c elementor-widget elementor-widget-text-editor\" data-id=\"3120264c\" data-element_type=\"widget\" data-e-type=\"widget\" data-widget_type=\"text-editor.default\">\n\t\t\t\t\t\t\t\t\t<p>Contact the HR office <strong>via Whats App <br><\/strong>quickly and easily via mobile: <a href=\"tel:+4915140062051\">+49 (0) 151-40062051<\/a><\/p>\t\t\t\t\t\t\t\t<\/div>\n\t\t<div class=\"elementor-element elementor-element-3bc34bae e-grid e-con-boxed e-con e-child\" data-id=\"3bc34bae\" data-element_type=\"container\" data-e-type=\"container\">\n\t\t\t\t\t<div class=\"e-con-inner\">\n\t\t<div class=\"elementor-element elementor-element-394b1a34 e-flex e-con-boxed e-con e-child\" data-id=\"394b1a34\" data-element_type=\"container\" data-e-type=\"container\">\n\t\t\t\t\t<div class=\"e-con-inner\">\n\t\t\t\t<div class=\"elementor-element elementor-element-3b6c5c1a overflow-hidden elementor-widget elementor-widget-image\" data-id=\"3b6c5c1a\" data-element_type=\"widget\" data-e-type=\"widget\" data-widget_type=\"image.default\">\n\t\t\t\t\t\t\t\t\t\t\t\t\t\t\t<img decoding=\"async\" width=\"768\" height=\"1002\" src=\"https:\/\/www.kaisergarten-deidesheim.com\/wp-content\/uploads\/2024\/10\/HR_Hochgesang_Nicole_CR_WEB-768x1002.jpg\" class=\"elementor-animation-grow attachment-medium_large size-medium_large wp-image-12171\" alt=\"Nicole Hochgesang, Personnel Officer at Ketschauer Hof Gmbh in Deidesheim\/ Palatinate\" srcset=\"https:\/\/www.kaisergarten-deidesheim.com\/wp-content\/uploads\/2024\/10\/HR_Hochgesang_Nicole_CR_WEB-768x1002.jpg 768w, https:\/\/www.kaisergarten-deidesheim.com\/wp-content\/uploads\/2024\/10\/HR_Hochgesang_Nicole_CR_WEB-230x300.jpg 230w, https:\/\/www.kaisergarten-deidesheim.com\/wp-content\/uploads\/2024\/10\/HR_Hochgesang_Nicole_CR_WEB-784x1024.jpg 784w, https:\/\/www.kaisergarten-deidesheim.com\/wp-content\/uploads\/2024\/10\/HR_Hochgesang_Nicole_CR_WEB-1177x1536.jpg 1177w, https:\/\/www.kaisergarten-deidesheim.com\/wp-content\/uploads\/2024\/10\/HR_Hochgesang_Nicole_CR_WEB.jpg 1500w\" sizes=\"(max-width: 768px) 100vw, 768px\" \/>\t\t\t\t\t\t\t\t\t\t\t\t\t\t\t<\/div>\n\t\t\t\t<div class=\"elementor-element elementor-element-521c107d elementor-widget elementor-widget-text-editor\" data-id=\"521c107d\" data-element_type=\"widget\" data-e-type=\"widget\" data-widget_type=\"text-editor.default\">\n\t\t\t\t\t\t\t\t\t<p>Contact Human Resources Manager <strong>Nicole Hochgesang<br><\/strong>Phone: <a href=\"tel:+496326700036\">+49 (0) 6326-7000-36<\/a><br>E-mail: <a href=\"mailto:n.hochgesang@ketschauer-hof.com\">n.hochgesang@ketschauer-hof.com<\/a><\/p>\t\t\t\t\t\t\t\t<\/div>\n\t\t\t\t\t<\/div>\n\t\t\t\t<\/div>\n\t\t<div class=\"elementor-element elementor-element-402b890f e-flex e-con-boxed e-con e-child\" data-id=\"402b890f\" data-element_type=\"container\" data-e-type=\"container\">\n\t\t\t\t\t<div class=\"e-con-inner\">\n\t\t\t\t<div class=\"elementor-element elementor-element-2542822a overflow-hidden elementor-widget elementor-widget-image\" data-id=\"2542822a\" data-element_type=\"widget\" data-e-type=\"widget\" data-widget_type=\"image.default\">\n\t\t\t\t\t\t\t\t\t\t\t\t\t\t\t<img decoding=\"async\" width=\"768\" height=\"1153\" src=\"https:\/\/www.kaisergarten-deidesheim.com\/wp-content\/uploads\/2023\/10\/ketschauer-hof-ralf-ole-leidner-scaled-1-768x1153.jpg\" class=\"elementor-animation-grow attachment-medium_large size-medium_large wp-image-10019\" alt=\"Ralf Ole Leidner, Managing Director of Ketschauer Hof GmbH\" srcset=\"https:\/\/www.kaisergarten-deidesheim.com\/wp-content\/uploads\/2023\/10\/ketschauer-hof-ralf-ole-leidner-scaled-1-768x1153.jpg 768w, https:\/\/www.kaisergarten-deidesheim.com\/wp-content\/uploads\/2023\/10\/ketschauer-hof-ralf-ole-leidner-scaled-1-200x300.jpg 200w, https:\/\/www.kaisergarten-deidesheim.com\/wp-content\/uploads\/2023\/10\/ketschauer-hof-ralf-ole-leidner-scaled-1-682x1024.jpg 682w, https:\/\/www.kaisergarten-deidesheim.com\/wp-content\/uploads\/2023\/10\/ketschauer-hof-ralf-ole-leidner-scaled-1-1023x1536.jpg 1023w, https:\/\/www.kaisergarten-deidesheim.com\/wp-content\/uploads\/2023\/10\/ketschauer-hof-ralf-ole-leidner-scaled-1-1364x2048.jpg 1364w, https:\/\/www.kaisergarten-deidesheim.com\/wp-content\/uploads\/2023\/10\/ketschauer-hof-ralf-ole-leidner-scaled-1.jpg 1705w\" sizes=\"(max-width: 768px) 100vw, 768px\" \/>\t\t\t\t\t\t\t\t\t\t\t\t\t\t\t<\/div>\n\t\t\t\t<div class=\"elementor-element elementor-element-2b97e765 elementor-widget elementor-widget-text-editor\" data-id=\"2b97e765\" data-element_type=\"widget\" data-e-type=\"widget\" data-widget_type=\"text-editor.default\">\n\t\t\t\t\t\t\t\t\t<p>or contact our Managing Director <strong>Ole Leidner<\/strong><br>Phone: <a href=\"tel:+496326700092\">+49 (0) 6326-7000-92<\/a><br>E-mail: <a href=\"mailto:o.leidner@ketschauer-hof.com\">o.leidner@ketschauer-hof.com<\/a><\/p>\t\t\t\t\t\t\t\t<\/div>\n\t\t\t\t\t<\/div>\n\t\t\t\t<\/div>\n\t\t\t\t\t<\/div>\n\t\t\t\t<\/div>\n\t\t\t\t<\/div>\n\t\t\t\t<\/div>\n\t\t\t\t<\/div>\n\t\t\t\t\t\t<\/div>\n\t\t\t\t<\/div>\n\t\t\t\t\t<\/div>\n\t\t\t\t<\/div>\n\t\t<div class=\"elementor-element elementor-element-f75e714 animated-slow e-flex e-con-boxed elementor-invisible e-con e-parent\" data-id=\"f75e714\" data-element_type=\"container\" data-e-type=\"container\" data-settings=\"{&quot;animation&quot;:&quot;fadeInUp&quot;}\">\n\t\t\t\t\t<div class=\"e-con-inner\">\n\t\t\t\t<div class=\"elementor-element elementor-element-5f874e5 btn-back elementor-widget elementor-widget-button\" data-id=\"5f874e5\" data-element_type=\"widget\" data-e-type=\"widget\" data-widget_type=\"button.default\">\n\t\t\t\t\t\t\t\t\t\t<a class=\"elementor-button elementor-button-link elementor-size-xs\" href=\"#\">\n\t\t\t\t\t\t<span class=\"elementor-button-content-wrapper\">\n\t\t\t\t\t\t\t\t\t<span class=\"elementor-button-text\">back<\/span>\n\t\t\t\t\t<\/span>\n\t\t\t\t\t<\/a>\n\t\t\t\t\t\t\t\t<\/div>\n\t\t\t\t\t<\/div>\n\t\t\t\t<\/div>\n\t\t\t\t<\/div>\n\t\t","protected":false},"excerpt":{"rendered":"<p>Your role and your sphere of influence: You take the fast track to the professional kitchen&#8230; Kitchen specialists know their way around the kitchen basics: they learn how to process and prepare all kinds of food. They know how to prepare simple meals and dishes from meat, fish and vegetables. You can arrange and garnish [&hellip;]<\/p>\n","protected":false},"author":8,"featured_media":0,"parent":11776,"menu_order":50,"comment_status":"closed","ping_status":"closed","template":"","meta":{"_acf_changed":false,"footnotes":"","_links_to":"","_links_to_target":""},"class_list":["post-11685","page","type-page","status-publish","hentry"],"acf":[],"_links":{"self":[{"href":"https:\/\/www.kaisergarten-deidesheim.com\/en\/wp-json\/wp\/v2\/pages\/11685","targetHints":{"allow":["GET"]}}],"collection":[{"href":"https:\/\/www.kaisergarten-deidesheim.com\/en\/wp-json\/wp\/v2\/pages"}],"about":[{"href":"https:\/\/www.kaisergarten-deidesheim.com\/en\/wp-json\/wp\/v2\/types\/page"}],"author":[{"embeddable":true,"href":"https:\/\/www.kaisergarten-deidesheim.com\/en\/wp-json\/wp\/v2\/users\/8"}],"replies":[{"embeddable":true,"href":"https:\/\/www.kaisergarten-deidesheim.com\/en\/wp-json\/wp\/v2\/comments?post=11685"}],"version-history":[{"count":0,"href":"https:\/\/www.kaisergarten-deidesheim.com\/en\/wp-json\/wp\/v2\/pages\/11685\/revisions"}],"up":[{"embeddable":true,"href":"https:\/\/www.kaisergarten-deidesheim.com\/en\/wp-json\/wp\/v2\/pages\/11776"}],"wp:attachment":[{"href":"https:\/\/www.kaisergarten-deidesheim.com\/en\/wp-json\/wp\/v2\/media?parent=11685"}],"curies":[{"name":"wp","href":"https:\/\/api.w.org\/{rel}","templated":true}]}}