{"id":10970,"date":"2023-11-24T08:38:21","date_gmt":"2023-11-24T07:38:21","guid":{"rendered":"https:\/\/www.kaisergarten-deidesheim.com\/conference-celebration-events\/your-celebration\/anniversary-more\/"},"modified":"2024-03-27T16:12:32","modified_gmt":"2024-03-27T15:12:32","slug":"anniversary-more","status":"publish","type":"page","link":"https:\/\/www.kaisergarten-deidesheim.com\/en\/conference-celebration-events\/your-celebration\/anniversary-more\/","title":{"rendered":"Anniversary &amp; more\u2026"},"content":{"rendered":"\t\t<div data-elementor-type=\"wp-page\" data-elementor-id=\"10970\" class=\"elementor elementor-10970 elementor-8051\" data-elementor-post-type=\"page\">\n\t\t\t\t<div class=\"elementor-element elementor-element-7f5fa0a e-flex e-con-boxed e-con e-parent\" data-id=\"7f5fa0a\" data-element_type=\"container\" data-e-type=\"container\">\n\t\t\t\t\t<div class=\"e-con-inner\">\n\t\t<div class=\"elementor-element elementor-element-cf0f36a e-con-full animated-slow e-flex elementor-invisible e-con e-child\" data-id=\"cf0f36a\" data-element_type=\"container\" data-e-type=\"container\" data-settings=\"{&quot;animation&quot;:&quot;fadeInUp&quot;}\">\n\t\t\t\t<div class=\"elementor-element elementor-element-61892da elementor-widget elementor-widget-shortcode\" data-id=\"61892da\" data-element_type=\"widget\" data-e-type=\"widget\" data-widget_type=\"shortcode.default\">\n\t\t\t\t\t\t\t<div class=\"elementor-shortcode\"><nav aria-label=\"breadcrumbs\" class=\"rank-math-breadcrumb\"><p><span class=\"last\">Home<\/span><\/p><\/nav><\/div>\n\t\t\t\t\t\t<\/div>\n\t\t\t\t<\/div>\n\t\t\t\t\t<\/div>\n\t\t\t\t<\/div>\n\t\t<div class=\"elementor-element elementor-element-43fc9cf animated-slow e-flex e-con-boxed elementor-invisible e-con e-parent\" data-id=\"43fc9cf\" data-element_type=\"container\" data-e-type=\"container\" data-settings=\"{&quot;animation&quot;:&quot;fadeInUp&quot;}\">\n\t\t\t\t\t<div class=\"e-con-inner\">\n\t\t\t\t<div class=\"elementor-element elementor-element-d5c7479 elementor-widget elementor-widget-heading\" data-id=\"d5c7479\" data-element_type=\"widget\" data-e-type=\"widget\" data-widget_type=\"heading.default\">\n\t\t\t\t\t<h2 class=\"elementor-heading-title elementor-size-medium\">Your celebration with us<\/h2>\t\t\t\t<\/div>\n\t\t\t\t<div class=\"elementor-element elementor-element-481c93b elementor-widget-divider--view-line elementor-widget elementor-widget-global elementor-global-10259 elementor-global-883 elementor-widget-divider\" data-id=\"481c93b\" data-element_type=\"widget\" data-e-type=\"widget\" data-widget_type=\"divider.default\">\n\t\t\t\t\t\t\t<div class=\"elementor-divider\">\n\t\t\t<span class=\"elementor-divider-separator\">\n\t\t\t\t\t\t<\/span>\n\t\t<\/div>\n\t\t\t\t\t\t<\/div>\n\t\t\t\t<div class=\"elementor-element elementor-element-7c3ca7c elementor-widget elementor-widget-heading\" data-id=\"7c3ca7c\" data-element_type=\"widget\" data-e-type=\"widget\" data-widget_type=\"heading.default\">\n\t\t\t\t\t<h1 class=\"elementor-heading-title elementor-size-default\">Baptism, Birthday &amp; celebrations\n<\/h1>\t\t\t\t<\/div>\n\t\t\t\t\t<\/div>\n\t\t\t\t<\/div>\n\t\t<div class=\"elementor-element elementor-element-9e80afe bg-gradient-gold60-white40 e-flex e-con-boxed e-con e-parent\" data-id=\"9e80afe\" data-element_type=\"container\" data-e-type=\"container\">\n\t\t\t\t\t<div class=\"e-con-inner\">\n\t\t<div class=\"elementor-element elementor-element-77917df e-con-full animated-slow e-flex elementor-invisible e-con e-child\" data-id=\"77917df\" data-element_type=\"container\" data-e-type=\"container\" data-settings=\"{&quot;animation&quot;:&quot;fadeInUp&quot;}\">\n\t\t\t\t<div class=\"elementor-element elementor-element-9d65c2e elementor-widget__width-initial elementor-widget elementor-widget-text-editor\" data-id=\"9d65c2e\" data-element_type=\"widget\" data-e-type=\"widget\" data-widget_type=\"text-editor.default\">\n\t\t\t\t\t\t\t\t\t<p><b>We turn every occasion into a celebration!<\/b><\/p>\n<p>Our <strong>wine press house<\/strong> offers space for up to 110 people and can be variably designed and individually decorated. Here you can, for example hang personal pictures on the walls.  <br \/>What is possible, we make possible!<\/p>\n<p>In the <strong>historic barrel cellar &#8220;Cave 1822&#8221;<\/strong>, time seems to have stopped in a unique ambience.<br \/>A wonderful backdrop for a champagne reception&#8230;<\/p>\n\t\t\t\t\t\t\t\t<\/div>\n\t\t\t\t<div class=\"elementor-element elementor-element-b0524ab elementor-widget elementor-widget-button\" data-id=\"b0524ab\" data-element_type=\"widget\" data-e-type=\"widget\" data-widget_type=\"button.default\">\n\t\t\t\t\t\t\t\t\t\t<a class=\"elementor-button elementor-button-link elementor-size-md\" href=\"https:\/\/www.kaisergarten-deidesheim.com\/en\/conference-celebration-events\/rooms\/\">\n\t\t\t\t\t\t<span class=\"elementor-button-content-wrapper\">\n\t\t\t\t\t\t\t\t\t<span class=\"elementor-button-text\">to our premises<\/span>\n\t\t\t\t\t<\/span>\n\t\t\t\t\t<\/a>\n\t\t\t\t\t\t\t\t<\/div>\n\t\t\t\t<\/div>\n\t\t<div class=\"elementor-element elementor-element-f15709b e-con-full animated-slow e-flex elementor-invisible e-con e-child\" data-id=\"f15709b\" data-element_type=\"container\" data-e-type=\"container\" data-settings=\"{&quot;animation&quot;:&quot;fadeInUp&quot;}\">\n\t\t\t\t<div class=\"elementor-element elementor-element-bfe8b9f elementor--h-position-left elementor--v-position-bottom img-slide-with-caption elementor-widget elementor-widget-slides\" data-id=\"bfe8b9f\" data-element_type=\"widget\" data-e-type=\"widget\" data-settings=\"{&quot;navigation&quot;:&quot;none&quot;,&quot;autoplay&quot;:&quot;yes&quot;,&quot;pause_on_hover&quot;:&quot;yes&quot;,&quot;pause_on_interaction&quot;:&quot;yes&quot;,&quot;autoplay_speed&quot;:5000,&quot;infinite&quot;:&quot;yes&quot;,&quot;transition&quot;:&quot;slide&quot;,&quot;transition_speed&quot;:500}\" data-widget_type=\"slides.default\">\n\t\t\t\t\t\t\t\t\t\t<div class=\"elementor-slides-wrapper elementor-main-swiper swiper\" role=\"region\" aria-roledescription=\"carousel\" aria-label=\"Slides\" dir=\"ltr\" data-animation=\"fadeInUp\">\n\t\t\t\t<div class=\"swiper-wrapper elementor-slides\">\n\t\t\t\t\t\t\t\t\t\t<div class=\"elementor-repeater-item-58a2e9a swiper-slide\" role=\"group\" aria-roledescription=\"slide\"><div class=\"swiper-slide-bg\" role=\"img\" aria-label=\"Im Restaurant 1718 im Genussresort Ketschauer Hof in Deidesheim\/ Pfalz l\u00e4sst sich eine Hochzeit charmant zur\u00fcckgezogen mit den engsten Lieblingsmenschen feiern. Hier ist die festlich eingedeckte wei\u00dfe Tafel im Kaminzimmer im Restaurant 1718 zu sehen.\"><\/div><div class=\"swiper-slide-inner\" ><div class=\"swiper-slide-contents\"><\/div><\/div><\/div><div class=\"elementor-repeater-item-30b7a57 swiper-slide\" role=\"group\" aria-roledescription=\"slide\"><div class=\"swiper-slide-bg\" role=\"img\" aria-label=\"Im Restaurant 1718 im Genussresort Ketschauer Hof in Deidesheim\/ Pfalz l\u00e4sst sich eine Hochzeit charmant zur\u00fcckgezogen mit den engsten Lieblingsmenschen feiern. Hier ist die festlich eingedeckte wei\u00dfe Tafel im Kaminzimmer im Restaurant 1718 zu sehen.\"><\/div><div class=\"swiper-slide-inner\" ><div class=\"swiper-slide-contents\"><\/div><\/div><\/div><div class=\"elementor-repeater-item-49e077c swiper-slide\" role=\"group\" aria-roledescription=\"slide\"><div class=\"swiper-slide-bg\" role=\"img\" aria-label=\"Stimmungsfoto zeigt eine Menge ros\u00e9farbener Luftballons an der Decke des Festsaals Kelterhaus im Genussresort Ketschauer Hof in Deidesheim\/ Pfalz\"><\/div><div class=\"swiper-slide-inner\" ><div class=\"swiper-slide-contents\"><\/div><\/div><\/div><div class=\"elementor-repeater-item-55f5b9e swiper-slide\" role=\"group\" aria-roledescription=\"slide\"><div class=\"swiper-slide-bg\" role=\"img\" aria-label=\"Festlich eingedeckter Festsaal &quot;Kelterhaus&quot; anl\u00e4sslich einer Hochzeit im Genussresort Ketschauer Hof in Deidesheim\/ Pfalz. Diese R\u00e4umlichkeit bietet f\u00fcr rauschende Hochzeitsfeiern grenzenlose M\u00f6glichkeiten zur variablen Raumgestaltung und individuellen Dekoration auf einer Fl\u00e4che von  200 m\u00b2. Bis zu 110 Personen k\u00f6nnen hier ausgiebig feiern.\nDas Kelterhaus ist farblich neutral und clean in den Farben Wei\u00df und Hellgrau gehalten. F\u00fcr die Hochzeitsgesellschaft werden runde f\u00fcr je 8 Personen in Wei\u00df eingedeckt. Edel jedoch dezent, damit die individuelle Dekoration wirken kann.\"><\/div><div class=\"swiper-slide-inner\" ><div class=\"swiper-slide-contents\"><\/div><\/div><\/div><div class=\"elementor-repeater-item-8ea35d9 swiper-slide\" role=\"group\" aria-roledescription=\"slide\"><div class=\"swiper-slide-bg\" role=\"img\" aria-label=\"Detailfoto von oben eines festlich eingedeckten Tischs im Festsaals &quot;Kelterhaus&quot; anl\u00e4sslich einer Hochzeit im Genussresort Ketschauer Hof in Deidesheim\/ Pfalz. Diese R\u00e4umlichkeit bietet f\u00fcr rauschende Hochzeitsfeiern grenzenlose M\u00f6glichkeiten zur variablen Raumgestaltung und individuellen Dekoration auf einer Fl\u00e4che von  200 m\u00b2. Bis zu 110 Personen k\u00f6nnen hier ausgiebig feiern.\nDas Kelterhaus ist farblich neutral und clean in den Farben Wei\u00df und Hellgrau gehalten. F\u00fcr die Hochzeitsgesellschaft werden runde f\u00fcr je 8 Personen in Wei\u00df eingedeckt. Edel jedoch dezent, damit die individuelle Dekoration wirken kann.\"><\/div><div class=\"swiper-slide-inner\" ><div class=\"swiper-slide-contents\"><\/div><\/div><\/div><div class=\"elementor-repeater-item-58085c7 swiper-slide\" role=\"group\" aria-roledescription=\"slide\"><div class=\"swiper-slide-bg\" role=\"img\" aria-label=\"Festlich eingedeckter Festsaal &quot;Kelterhaus&quot; anl\u00e4sslich einer Hochzeit im Genussresort Ketschauer Hof in Deidesheim\/ Pfalz. Diese R\u00e4umlichkeit bietet f\u00fcr rauschende Hochzeitsfeiern grenzenlose M\u00f6glichkeiten zur variablen Raumgestaltung und individuellen Dekoration auf einer Fl\u00e4che von  200 m\u00b2. Bis zu 110 Personen k\u00f6nnen hier ausgiebig feiern.\nDas Kelterhaus ist farblich neutral und clean in den Farben Wei\u00df und Hellgrau gehalten. F\u00fcr die Hochzeitsgesellschaft werden runde f\u00fcr je 8 Personen in Wei\u00df eingedeckt. Edel jedoch dezent, damit die individuelle Dekoration wirken kann.\"><\/div><div class=\"swiper-slide-inner\" ><div class=\"swiper-slide-contents\"><\/div><\/div><\/div>\t\t\t\t<\/div>\n\t\t\t\t\t\t\t\t\t\t\t\t\t\t\t\t\t\t\t\t\t<\/div>\n\t\t\t\t\t\t\t\t<\/div>\n\t\t\t\t<\/div>\n\t\t\t\t\t<\/div>\n\t\t\t\t<\/div>\n\t\t<div class=\"elementor-element elementor-element-b2ec1ad bg-gradient-white40-gold60 e-flex e-con-boxed e-con e-parent\" data-id=\"b2ec1ad\" data-element_type=\"container\" data-e-type=\"container\">\n\t\t\t\t\t<div class=\"e-con-inner\">\n\t\t<div class=\"elementor-element elementor-element-90708e8 e-con-full animated-slow e-flex elementor-invisible e-con e-child\" data-id=\"90708e8\" data-element_type=\"container\" data-e-type=\"container\" data-settings=\"{&quot;animation&quot;:&quot;fadeInUp&quot;}\">\n\t\t\t\t<div class=\"elementor-element elementor-element-1a32e87 overflow-hidden elementor-widget elementor-widget-image\" data-id=\"1a32e87\" data-element_type=\"widget\" data-e-type=\"widget\" data-widget_type=\"image.default\">\n\t\t\t\t\t\t\t\t\t\t\t\t\t\t\t\t<a href=\"https:\/\/www.kaisergarten-deidesheim.com\/en\/conference-celebration-events\/request\/\">\n\t\t\t\t\t\t\t<img fetchpriority=\"high\" decoding=\"async\" width=\"2000\" height=\"1500\" src=\"https:\/\/www.kaisergarten-deidesheim.com\/wp-content\/uploads\/2023\/11\/kaisergarten-team-event-kennenlernen.jpg\" class=\"elementor-animation-grow attachment-full size-full wp-image-10080\" alt=\"Event team of the Ketschauer Hof GmbH in Deidesheim\/ Palatinate\" srcset=\"https:\/\/www.kaisergarten-deidesheim.com\/wp-content\/uploads\/2023\/11\/kaisergarten-team-event-kennenlernen.jpg 2000w, https:\/\/www.kaisergarten-deidesheim.com\/wp-content\/uploads\/2023\/11\/kaisergarten-team-event-kennenlernen-300x225.jpg 300w, https:\/\/www.kaisergarten-deidesheim.com\/wp-content\/uploads\/2023\/11\/kaisergarten-team-event-kennenlernen-1024x768.jpg 1024w, https:\/\/www.kaisergarten-deidesheim.com\/wp-content\/uploads\/2023\/11\/kaisergarten-team-event-kennenlernen-768x576.jpg 768w, https:\/\/www.kaisergarten-deidesheim.com\/wp-content\/uploads\/2023\/11\/kaisergarten-team-event-kennenlernen-1536x1152.jpg 1536w\" sizes=\"(max-width: 2000px) 100vw, 2000px\" \/>\t\t\t\t\t\t\t\t<\/a>\n\t\t\t\t\t\t\t\t\t\t\t\t\t\t\t<\/div>\n\t\t\t\t<\/div>\n\t\t<div class=\"elementor-element elementor-element-95da5a3 e-con-full animated-slow e-flex elementor-invisible e-con e-child\" data-id=\"95da5a3\" data-element_type=\"container\" data-e-type=\"container\" data-settings=\"{&quot;animation&quot;:&quot;fadeInUp&quot;}\">\n\t\t\t\t<div class=\"elementor-element elementor-element-5b4c8da elementor-widget elementor-widget-heading\" data-id=\"5b4c8da\" data-element_type=\"widget\" data-e-type=\"widget\" data-widget_type=\"heading.default\">\n\t\t\t\t\t<h2 class=\"elementor-heading-title elementor-size-default\"><a href=\"https:\/\/www.kaisergarten-deidesheim.com\/en\/conference-celebration-events\/request\/\">The team\nget to know\n<\/a><\/h2>\t\t\t\t<\/div>\n\t\t\t\t<div class=\"elementor-element elementor-element-e277125 elementor-widget-divider--view-line elementor-widget elementor-widget-divider\" data-id=\"e277125\" data-element_type=\"widget\" data-e-type=\"widget\" data-widget_type=\"divider.default\">\n\t\t\t\t\t\t\t<div class=\"elementor-divider\">\n\t\t\t<span class=\"elementor-divider-separator\">\n\t\t\t\t\t\t<\/span>\n\t\t<\/div>\n\t\t\t\t\t\t<\/div>\n\t\t\t\t<div class=\"elementor-element elementor-element-daab2ec elementor-widget elementor-widget-text-editor\" data-id=\"daab2ec\" data-element_type=\"widget\" data-e-type=\"widget\" data-widget_type=\"text-editor.default\">\n\t\t\t\t\t\t\t\t\t<p><strong>That&#8217;s us &#8211; a strong team.<\/strong><br \/>Christenings, birthdays and other events, we can do that.<\/p>\n<p>We look forward to your inquiry and to a<br \/><span style=\"text-align: var(--text-align); color: var( --e-global-color-7008714 );\">Get to know us personally at the Ketschauer Hof!<\/span><\/p>\n\t\t\t\t\t\t\t\t<\/div>\n\t\t\t\t<div class=\"elementor-element elementor-element-fcf7fb8 elementor-widget elementor-widget-button\" data-id=\"fcf7fb8\" data-element_type=\"widget\" data-e-type=\"widget\" data-widget_type=\"button.default\">\n\t\t\t\t\t\t\t\t\t\t<a class=\"elementor-button elementor-button-link elementor-size-md\" href=\"https:\/\/www.kaisergarten-deidesheim.com\/en\/conference-celebration-events\/request\/\">\n\t\t\t\t\t\t<span class=\"elementor-button-content-wrapper\">\n\t\t\t\t\t\t\t\t\t<span class=\"elementor-button-text\">Request event<\/span>\n\t\t\t\t\t<\/span>\n\t\t\t\t\t<\/a>\n\t\t\t\t\t\t\t\t<\/div>\n\t\t\t\t<\/div>\n\t\t\t\t\t<\/div>\n\t\t\t\t<\/div>\n\t\t<div class=\"elementor-element elementor-element-4a2e335 animated-slow e-flex e-con-boxed elementor-invisible e-con e-parent\" data-id=\"4a2e335\" data-element_type=\"container\" data-e-type=\"container\" data-settings=\"{&quot;animation&quot;:&quot;fadeInUp&quot;}\">\n\t\t\t\t\t<div class=\"e-con-inner\">\n\t\t\t\t<div class=\"elementor-element elementor-element-f6ae674 btn-back elementor-widget elementor-widget-button\" data-id=\"f6ae674\" data-element_type=\"widget\" data-e-type=\"widget\" data-widget_type=\"button.default\">\n\t\t\t\t\t\t\t\t\t\t<a class=\"elementor-button elementor-button-link elementor-size-xs\" href=\"#\">\n\t\t\t\t\t\t<span class=\"elementor-button-content-wrapper\">\n\t\t\t\t\t\t\t\t\t<span class=\"elementor-button-text\">back<\/span>\n\t\t\t\t\t<\/span>\n\t\t\t\t\t<\/a>\n\t\t\t\t\t\t\t\t<\/div>\n\t\t\t\t\t<\/div>\n\t\t\t\t<\/div>\n\t\t\t\t<\/div>\n\t\t","protected":false},"excerpt":{"rendered":"<p>Your celebration with us Baptism, Birthday &amp; celebrations We turn every occasion into a celebration! Our wine press house offers space for up to 110 people and can be variably designed and individually decorated. Here you can, for example hang personal pictures on the walls. What is possible, we make possible! In the historic barrel [&hellip;]<\/p>\n","protected":false},"author":4,"featured_media":0,"parent":10969,"menu_order":10,"comment_status":"closed","ping_status":"closed","template":"","meta":{"_acf_changed":false,"footnotes":"","_links_to":"","_links_to_target":""},"class_list":["post-10970","page","type-page","status-publish","hentry"],"acf":[],"_links":{"self":[{"href":"https:\/\/www.kaisergarten-deidesheim.com\/en\/wp-json\/wp\/v2\/pages\/10970","targetHints":{"allow":["GET"]}}],"collection":[{"href":"https:\/\/www.kaisergarten-deidesheim.com\/en\/wp-json\/wp\/v2\/pages"}],"about":[{"href":"https:\/\/www.kaisergarten-deidesheim.com\/en\/wp-json\/wp\/v2\/types\/page"}],"author":[{"embeddable":true,"href":"https:\/\/www.kaisergarten-deidesheim.com\/en\/wp-json\/wp\/v2\/users\/4"}],"replies":[{"embeddable":true,"href":"https:\/\/www.kaisergarten-deidesheim.com\/en\/wp-json\/wp\/v2\/comments?post=10970"}],"version-history":[{"count":0,"href":"https:\/\/www.kaisergarten-deidesheim.com\/en\/wp-json\/wp\/v2\/pages\/10970\/revisions"}],"up":[{"embeddable":true,"href":"https:\/\/www.kaisergarten-deidesheim.com\/en\/wp-json\/wp\/v2\/pages\/10969"}],"wp:attachment":[{"href":"https:\/\/www.kaisergarten-deidesheim.com\/en\/wp-json\/wp\/v2\/media?parent=10970"}],"curies":[{"name":"wp","href":"https:\/\/api.w.org\/{rel}","templated":true}]}}