{"id":10951,"date":"2023-07-06T13:23:48","date_gmt":"2023-07-06T11:23:48","guid":{"rendered":"https:\/\/www.kaisergarten-deidesheim.com\/hotel\/active-experience\/hiking-along-the-wine-route\/from-bad-duerkheim\/"},"modified":"2025-04-07T09:13:53","modified_gmt":"2025-04-07T07:13:53","slug":"from-bad-duerkheim","status":"publish","type":"page","link":"https:\/\/www.kaisergarten-deidesheim.com\/en\/hotel\/active-experience\/hiking-along-the-wine-route\/from-bad-duerkheim\/","title":{"rendered":"from Bad D\u00fcrkheim"},"content":{"rendered":"\t\t<div data-elementor-type=\"wp-page\" data-elementor-id=\"10951\" class=\"elementor elementor-10951 elementor-1429\" data-elementor-post-type=\"page\">\n\t\t\t\t<div class=\"elementor-element elementor-element-69ff9b5 e-flex e-con-boxed e-con e-parent\" data-id=\"69ff9b5\" data-element_type=\"container\" data-e-type=\"container\">\n\t\t\t\t\t<div class=\"e-con-inner\">\n\t\t<div class=\"elementor-element elementor-element-0adcb04 e-con-full animated-slow e-flex elementor-invisible e-con e-child\" data-id=\"0adcb04\" data-element_type=\"container\" data-e-type=\"container\" data-settings=\"{&quot;animation&quot;:&quot;fadeInUp&quot;}\">\n\t\t\t\t<div class=\"elementor-element elementor-element-02b4fac elementor-widget elementor-widget-shortcode\" data-id=\"02b4fac\" data-element_type=\"widget\" data-e-type=\"widget\" data-widget_type=\"shortcode.default\">\n\t\t\t\t\t\t\t<div class=\"elementor-shortcode\"><nav aria-label=\"breadcrumbs\" class=\"rank-math-breadcrumb\"><p><span class=\"last\">Home<\/span><\/p><\/nav><\/div>\n\t\t\t\t\t\t<\/div>\n\t\t\t\t<\/div>\n\t\t\t\t\t<\/div>\n\t\t\t\t<\/div>\n\t\t<div class=\"elementor-element elementor-element-52c185c animated-slow e-flex e-con-boxed elementor-invisible e-con e-parent\" data-id=\"52c185c\" data-element_type=\"container\" data-e-type=\"container\" data-settings=\"{&quot;animation&quot;:&quot;fadeInUp&quot;}\">\n\t\t\t\t\t<div class=\"e-con-inner\">\n\t\t\t\t<div class=\"elementor-element elementor-element-85009f4 elementor-widget elementor-widget-heading\" data-id=\"85009f4\" data-element_type=\"widget\" data-e-type=\"widget\" data-widget_type=\"heading.default\">\n\t\t\t\t\t<h2 class=\"elementor-heading-title elementor-size-medium\">Hiking &amp; refreshments<\/h2>\t\t\t\t<\/div>\n\t\t\t\t<div class=\"elementor-element elementor-element-7726d4a elementor-widget-divider--view-line elementor-widget elementor-widget-divider\" data-id=\"7726d4a\" data-element_type=\"widget\" data-e-type=\"widget\" data-widget_type=\"divider.default\">\n\t\t\t\t\t\t\t<div class=\"elementor-divider\">\n\t\t\t<span class=\"elementor-divider-separator\">\n\t\t\t\t\t\t<\/span>\n\t\t<\/div>\n\t\t\t\t\t\t<\/div>\n\t\t\t\t<div class=\"elementor-element elementor-element-ba28ebf elementor-widget elementor-widget-text-editor\" data-id=\"ba28ebf\" data-element_type=\"widget\" data-e-type=\"widget\" data-widget_type=\"text-editor.default\">\n\t\t\t\t\t\t\t\t\t<p>A circular hiking trail to the Michaeliskappe, through the vines, over the Spielberg and on to the &#8220;Weilberg&#8221; Roman villa. A varied tour with lots to see!<\/p>\n\t\t\t\t\t\t\t\t<\/div>\n\t\t\t\t\t<\/div>\n\t\t\t\t<\/div>\n\t\t<div class=\"elementor-element elementor-element-dbeb70f bg-gradient-gold60-white40 e-flex e-con-boxed e-con e-parent\" data-id=\"dbeb70f\" data-element_type=\"container\" data-e-type=\"container\">\n\t\t\t\t\t<div class=\"e-con-inner\">\n\t\t<div class=\"elementor-element elementor-element-8aaecc9 e-con-full animated-slow e-flex elementor-invisible e-con e-child\" data-id=\"8aaecc9\" data-element_type=\"container\" data-e-type=\"container\" data-settings=\"{&quot;animation&quot;:&quot;fadeInUp&quot;}\">\n\t\t\t\t<div class=\"elementor-element elementor-element-1c6ce29 elementor-widget elementor-widget-heading\" data-id=\"1c6ce29\" data-element_type=\"widget\" data-e-type=\"widget\" data-widget_type=\"heading.default\">\n\t\t\t\t\t<h2 class=\"elementor-heading-title elementor-size-default\">Micheals Chapel &amp; Roman winery \"Weilberg\"<\/h2>\t\t\t\t<\/div>\n\t\t\t\t<div class=\"elementor-element elementor-element-755910a elementor-widget-divider--view-line elementor-widget elementor-widget-divider\" data-id=\"755910a\" data-element_type=\"widget\" data-e-type=\"widget\" data-widget_type=\"divider.default\">\n\t\t\t\t\t\t\t<div class=\"elementor-divider\">\n\t\t\t<span class=\"elementor-divider-separator\">\n\t\t\t\t\t\t<\/span>\n\t\t<\/div>\n\t\t\t\t\t\t<\/div>\n\t\t\t\t<div class=\"elementor-element elementor-element-382d052 elementor-widget elementor-widget-text-editor\" data-id=\"382d052\" data-element_type=\"widget\" data-e-type=\"widget\" data-widget_type=\"text-editor.default\">\n\t\t\t\t\t\t\t\t\t<p>The best place to park in Bad D\u00fcrkheim is in the Wurstmarkt parking lot (this is also where the famous <strong>D\u00fcrkheim giant barrel<\/strong> is located).  <\/p>\n<p>You start the hike from the Wurstmarkt and walk to the Wurstmarkt traffic circle. Turn left after the Agip petrol station at the Lang winery and follow the steps to the <strong>Michaeliskapelle chapel<\/strong>. <br \/>Barrier-free alternative: Turn into Sachsenh\u00fctter Stra\u00dfe before the Agip petrol station. At the end of the road, turn right up into the vineyards to the small crossroads surrounded by dry stone walls. (To the right you can make a detour up to the chapel on Michelsberg, where the stairway also ends).  <\/p>\n<p>From the chapel you come to a crossroads surrounded by dry stone walls, here you walk straight ahead slightly uphill. The logo leads us past the R\u00f6merkelter, directly after the wine press we turn left up the Rebmuseum. At the end, turn right to the <b>Weilberg Roman winery<\/b>. After the tour, follow the logo through the noble wine village of Ungstein. Keep to the right past the Wolf winery into Spielbergweg. Follow this wonderful path along the <b>ridge of the Spielberg<\/b> until it rejoins the wine route. Continuing straight ahead, the path turns right into the vineyards.<\/p>\n<p>At the <b>Pfeffingen winery<\/b>, turn right and follow the path slightly uphill to the crossroads. Straight ahead it leads to the first houses. Here you turn immediately left into Sachsenh\u00fctter Stra\u00dfe. At the end of the road, cross Weinstra\u00dfe Nord and return to the start, Wurstmarktplatz.<\/p>\n<p><a href=\"https:\/\/www.outdooractive.com\/de\/route\/wanderung\/pfalz\/pfalz-wein-wege-rundweg-roemisches-weingut-weilberg\/54119120\/#dmdtab=oax-tab2\" target=\"_blank\" rel=\"noopener\"><strong>Tour details<\/strong><\/a><br \/>Difficulty: easy<br \/>Distance: 5.9 km<br \/>Duration: 1.35 h<\/p>\n<p><a href=\"https:\/\/www.outdooractive.com\/de\/route\/wanderung\/pfalz\/pfalz-wein-wege-rundweg-roemisches-weingut-weilberg\/54119120\/#dm=1&amp;dmdtab=oax-tab2\" target=\"_blank\" rel=\"noopener\"><strong>Hiking map<\/strong><\/a><\/p>\n\t\t\t\t\t\t\t\t<\/div>\n\t\t\t\t<\/div>\n\t\t<div class=\"elementor-element elementor-element-da67cea e-con-full animated-slow e-flex elementor-invisible e-con e-child\" data-id=\"da67cea\" data-element_type=\"container\" data-e-type=\"container\" data-settings=\"{&quot;animation&quot;:&quot;fadeInUp&quot;}\">\n\t\t\t\t<div class=\"elementor-element elementor-element-e4323b6 elementor--h-position-left elementor--v-position-bottom img-slide-with-caption elementor-widget elementor-widget-slides\" data-id=\"e4323b6\" data-element_type=\"widget\" data-e-type=\"widget\" data-settings=\"{&quot;navigation&quot;:&quot;none&quot;,&quot;autoplay&quot;:&quot;yes&quot;,&quot;pause_on_hover&quot;:&quot;yes&quot;,&quot;pause_on_interaction&quot;:&quot;yes&quot;,&quot;autoplay_speed&quot;:5000,&quot;infinite&quot;:&quot;yes&quot;,&quot;transition&quot;:&quot;slide&quot;,&quot;transition_speed&quot;:500}\" data-widget_type=\"slides.default\">\n\t\t\t\t\t\t\t\t\t\t<div class=\"elementor-slides-wrapper elementor-main-swiper swiper\" role=\"region\" aria-roledescription=\"carousel\" aria-label=\"Slider\" dir=\"ltr\" data-animation=\"fadeInUp\">\n\t\t\t\t<div class=\"swiper-wrapper elementor-slides\">\n\t\t\t\t\t\t\t\t\t\t<div class=\"elementor-repeater-item-58a2e9a swiper-slide\" role=\"group\" aria-roledescription=\"slide\"><div class=\"swiper-slide-bg\" role=\"img\" aria-label=\"Wandern: Bad D\u00fcrkheim \u2013 Pfad \u00fcber den Weinberg  \/ \u00a9 Shutterstock\"><\/div><div class=\"swiper-slide-inner\" ><div class=\"swiper-slide-contents\"><\/div><\/div><\/div><div class=\"elementor-repeater-item-397f777 swiper-slide\" role=\"group\" aria-roledescription=\"slide\"><div class=\"swiper-slide-bg\" role=\"img\" aria-label=\"Wandern: Bad D\u00fcrkheim \u2013 Kapelle  \/ \u00a9 Shutterstock\"><\/div><div class=\"swiper-slide-inner\" ><div class=\"swiper-slide-contents\"><\/div><\/div><\/div>\t\t\t\t<\/div>\n\t\t\t\t\t\t\t\t\t\t\t\t\t\t\t\t\t\t\t\t\t<\/div>\n\t\t\t\t\t\t\t\t<\/div>\n\t\t\t\t<\/div>\n\t\t\t\t\t<\/div>\n\t\t\t\t<\/div>\n\t\t<div class=\"elementor-element elementor-element-6a77a66 animated-slow e-flex e-con-boxed elementor-invisible e-con e-parent\" data-id=\"6a77a66\" data-element_type=\"container\" data-e-type=\"container\" data-settings=\"{&quot;animation&quot;:&quot;fadeInUp&quot;}\">\n\t\t\t\t\t<div class=\"e-con-inner\">\n\t\t\t\t<div class=\"elementor-element elementor-element-9aa9e1b btn-back elementor-widget elementor-widget-button\" data-id=\"9aa9e1b\" data-element_type=\"widget\" data-e-type=\"widget\" data-widget_type=\"button.default\">\n\t\t\t\t\t\t\t\t\t\t<a class=\"elementor-button elementor-button-link elementor-size-xs\" href=\"#\">\n\t\t\t\t\t\t<span class=\"elementor-button-content-wrapper\">\n\t\t\t\t\t\t\t\t\t<span class=\"elementor-button-text\">back<\/span>\n\t\t\t\t\t<\/span>\n\t\t\t\t\t<\/a>\n\t\t\t\t\t\t\t\t<\/div>\n\t\t\t\t\t<\/div>\n\t\t\t\t<\/div>\n\t\t\t\t<\/div>\n\t\t","protected":false},"excerpt":{"rendered":"<p>Hiking &amp; refreshments A circular hiking trail to the Michaeliskappe, through the vines, over the Spielberg and on to the &#8220;Weilberg&#8221; Roman villa. A varied tour with lots to see! Micheals Chapel &amp; Roman winery &#8220;Weilberg&#8221; The best place to park in Bad D\u00fcrkheim is in the Wurstmarkt parking lot (this is also where the [&hellip;]<\/p>\n","protected":false},"author":4,"featured_media":0,"parent":10903,"menu_order":40,"comment_status":"closed","ping_status":"closed","template":"","meta":{"_acf_changed":false,"footnotes":"","_links_to":"","_links_to_target":""},"class_list":["post-10951","page","type-page","status-publish","hentry"],"acf":[],"_links":{"self":[{"href":"https:\/\/www.kaisergarten-deidesheim.com\/en\/wp-json\/wp\/v2\/pages\/10951","targetHints":{"allow":["GET"]}}],"collection":[{"href":"https:\/\/www.kaisergarten-deidesheim.com\/en\/wp-json\/wp\/v2\/pages"}],"about":[{"href":"https:\/\/www.kaisergarten-deidesheim.com\/en\/wp-json\/wp\/v2\/types\/page"}],"author":[{"embeddable":true,"href":"https:\/\/www.kaisergarten-deidesheim.com\/en\/wp-json\/wp\/v2\/users\/4"}],"replies":[{"embeddable":true,"href":"https:\/\/www.kaisergarten-deidesheim.com\/en\/wp-json\/wp\/v2\/comments?post=10951"}],"version-history":[{"count":0,"href":"https:\/\/www.kaisergarten-deidesheim.com\/en\/wp-json\/wp\/v2\/pages\/10951\/revisions"}],"up":[{"embeddable":true,"href":"https:\/\/www.kaisergarten-deidesheim.com\/en\/wp-json\/wp\/v2\/pages\/10903"}],"wp:attachment":[{"href":"https:\/\/www.kaisergarten-deidesheim.com\/en\/wp-json\/wp\/v2\/media?parent=10951"}],"curies":[{"name":"wp","href":"https:\/\/api.w.org\/{rel}","templated":true}]}}